{"id":45,"date":"2008-07-23T13:01:01","date_gmt":"2008-07-23T16:01:01","guid":{"rendered":"http:\/\/www.viahospedagem.com.br\/?page_id=45"},"modified":"2009-03-19T21:46:00","modified_gmt":"2009-03-20T00:46:00","slug":"servidores-dedicados","status":"publish","type":"page","link":"https:\/\/viahospedagem.net\/novidades\/servidores-dedicados\/","title":{"rendered":"Dedicados"},"content":{"rendered":"<p>Existem algumas situa\u00e7\u00f5es em que uma hospedagem compartilhada n\u00e3o atende as suas necessidades. Geralmente, s\u00e3o elas:<\/p>\n<ul>\n<li>Quando voc\u00ea tem um projeto maior e precisa de um servidor exclusivo pra rodar determinadas aplica\u00e7\u00f5es;<\/li>\n<li>Quando tem ou quer abrir um provedor de hospedagem;<\/li>\n<li>Quando tem site(s) e blog(s) com um n\u00edvel de visita\u00e7\u00e3o e tr\u00e1fego muito altos, consumindo recursos de um servidor demasiadamente.<\/li>\n<\/ul>\n<p>Se voc\u00ea precisa de um servidor dedicado, temos uma solu\u00e7\u00e3o. Para conferir os servidores dispon\u00edveis, bem como recursos, pre\u00e7os e caracter\u00edsticas, <a href=\"http:\/\/portofacil.net\/servidores-dedicados-gerenciados\/\" target=\"_self\" rel=\"noopener\">clique aqui<\/a>.<\/p>\n","protected":false},"excerpt":{"rendered":"<p>Existem algumas situa\u00e7\u00f5es em que uma hospedagem compartilhada n\u00e3o atende as suas necessidades. Geralmente, s\u00e3o elas: Quando voc\u00ea tem um projeto maior e precisa de um servidor exclusivo pra rodar determinadas aplica\u00e7\u00f5es; Quando tem ou quer abrir um provedor de hospedagem; Quando tem site(s) e blog(s) com um n\u00edvel de visita\u00e7\u00e3o e tr\u00e1fego muito altos, [&hellip;]<\/p>\n","protected":false},"author":3,"featured_media":0,"parent":0,"menu_order":0,"comment_status":"open","ping_status":"open","template":"","meta":{"footnotes":""},"class_list":["post-45","page","type-page","status-publish","hentry"],"jetpack_sharing_enabled":true,"_links":{"self":[{"href":"https:\/\/viahospedagem.net\/novidades\/wp-json\/wp\/v2\/pages\/45","targetHints":{"allow":["GET"]}}],"collection":[{"href":"https:\/\/viahospedagem.net\/novidades\/wp-json\/wp\/v2\/pages"}],"about":[{"href":"https:\/\/viahospedagem.net\/novidades\/wp-json\/wp\/v2\/types\/page"}],"author":[{"embeddable":true,"href":"https:\/\/viahospedagem.net\/novidades\/wp-json\/wp\/v2\/users\/3"}],"replies":[{"embeddable":true,"href":"https:\/\/viahospedagem.net\/novidades\/wp-json\/wp\/v2\/comments?post=45"}],"version-history":[{"count":0,"href":"https:\/\/viahospedagem.net\/novidades\/wp-json\/wp\/v2\/pages\/45\/revisions"}],"wp:attachment":[{"href":"https:\/\/viahospedagem.net\/novidades\/wp-json\/wp\/v2\/media?parent=45"}],"curies":[{"name":"wp","href":"https:\/\/api.w.org\/{rel}","templated":true}]}}