{"id":2,"date":"2008-07-20T23:19:52","date_gmt":"2008-07-21T02:19:52","guid":{"rendered":"http:\/\/www.viahospedagem.com.br\/?page_id=2"},"modified":"2020-11-24T15:27:57","modified_gmt":"2020-11-24T17:27:57","slug":"sobre","status":"publish","type":"page","link":"https:\/\/viahospedagem.net\/novidades\/sobre\/","title":{"rendered":"Sobre"},"content":{"rendered":"<h2>Sobre Mim<\/h2>\n<p><a href=\"https:\/\/i0.wp.com\/www.viahospedagem.net\/wp-content\/uploads\/2008\/07\/becher-blogvia.jpg\"><img data-recalc-dims=\"1\" decoding=\"async\" class=\"alignleft size-full wp-image-289\" title=\"becher-blogvia\" src=\"https:\/\/i0.wp.com\/www.viahospedagem.net\/wp-content\/uploads\/2008\/07\/becher-blogvia.jpg?resize=120%2C180\" alt=\"\" width=\"120\" height=\"180\" \/><\/a>Ol\u00e1!<\/p>\n<p>Muito prazer, meu nome \u00e9 Daniel Becher, sou catarinense de nascimento e ga\u00facho de cora\u00e7\u00e3o. Gosto de tecnologia, amo trabalhar com hospedagem de sites e blogs.<\/p>\n<p>Eu criei a Via e inaugurei-a em 20 de julho de 2008.<\/p>\n<p>Enquanto voc\u00ea est\u00e1 lendo este texto provavelmente eu estou trabalhando nos servidores, atendendo algum cliente, oferecendo alguma solu\u00e7\u00e3o personalizada, configurando alguma conta de hospedagem, talvez um dom\u00ednio\u2026<\/p>\n<p>Isso me d\u00e1 prazer, me motiva e sou muito feliz fazendo isso. Tenho parceiros que trabalham comigo na parte administrativa e financeira, mas a parte t\u00e9cnica \u00e9 comigo!<\/p>\n<p>Tamb\u00e9m sou eu quem lida com o atendimento aos clientes. Eu conhe\u00e7o todos eles pelo nome, n\u00e3o pelo c\u00f3digo de assinante; eu conhe\u00e7o os seus projetos e tamb\u00e9m conhe\u00e7o seus anseios, por isso sei das suas vontades e o que cada um precisa para estar feliz com o servi\u00e7o de hospedagem.<\/p>\n<p>N\u00e3o raro, sei o que eles gostam de comer, beber, o que fazem para se divertir\u2026 temos uma rela\u00e7\u00e3o estreita quando nos conhecemos melhor, ou sa\u00edmos para tomar algum drink.<\/p>\n<p>E a\u00ed que entro no assunto de explicar nossa logomarca. Venho de uma terra onde o cavalo n\u00e3o \u00e9 subjugado pelo homem, pelo contr\u00e1rio, h\u00e1 uma rela\u00e7\u00e3o de serventia e amizade das mais puras.<\/p>\n<p>Das crinas at\u00e9 a ponta dos cascos, o cavalo \u00e9 um animal que se entrega nessa amizade, uma rela\u00e7\u00e3o de cumplicidade que raramente vemos no cotidiano. O cancioneiro ga\u00facho j\u00e1 dizia: &#8220;<em>Quem sou eu sem meu cavalo? O que ser\u00e1 dele sem mim? Talvez dois seres perdidos a vagar pelo capim<\/em>&#8220;. M\u00fasica regional, simples e direta, que retrata muito bem a amizade que falo.<\/p>\n<p>O homem campeiro encontra no seu cavalo, al\u00e9m dessa amizade, algumas qualidades essenciais para suas lides no campo: for\u00e7a, desempenho, robustez, beleza, funcionalidade, disposi\u00e7\u00e3o, confian\u00e7a, garra\u2026 uma s\u00e9rie de elementos que fazem essa parceria campeiro\/cavalo lograr \u00eaxito.<\/p>\n<p>E \u00e9 nesse esp\u00edrito que eu gosto de trabalhar, oferecer estas qualidades descritas acima junto com meu servi\u00e7o, \u00e9 a <strong>prioridade n\u00famero 1<\/strong> aqui na empresa.<\/p>\n<p>&nbsp;<\/p>\n<div id=\"attachment_267\" style=\"width: 610px\" class=\"wp-caption aligncenter\"><img data-recalc-dims=\"1\" decoding=\"async\" aria-describedby=\"caption-attachment-267\" class=\"size-full wp-image-267\" title=\"O Cavalo e a Via\" src=\"https:\/\/i0.wp.com\/www.viahospedagem.net\/wp-content\/uploads\/2008\/07\/cavalos.jpg?resize=600%2C401\" alt=\"O Cavalo e a Via\" width=\"600\" height=\"401\" \/><p id=\"caption-attachment-267\" class=\"wp-caption-text\">O Cavalo e a Via<\/p><\/div>\n<p style=\"text-align: right;\"><em>Imagem: <a title=\"Caballos by Carlos Lopez Echeto\" href=\"http:\/\/www.flickr.com\/photos\/clemkey\/4895479181\/\" target=\"_blank\" rel=\"nofollow noopener noreferrer\">Caballos<\/a> by Carlos Lopez Echeto<\/em><\/p>\n<p>Agora que voc\u00ea j\u00e1 me conhece um pouco mais e conhece o esp\u00edrito da Via, que tal enviar-nos um e-mail para contar pra gente quais s\u00e3o os seus anseios? E, lhe conhecendo melhor, eu direi a voc\u00ea o que podemos fazer para atender as suas necessidades.<\/p>\n<p>Envie um e-mail para becher@viahospedagem.net ou utilize o <a title=\"Entre em Contato!\" href=\"http:\/\/www.viahospedagem.net\/contato\/\">formul\u00e1rio de contato neste link<\/a> para bater um papo comigo \ud83d\ude09<\/p>\n<h2>Sobre a Via Hospedagem<\/h2>\n<p>Via Hospedagem \u00e9 um servi\u00e7o de hospedagem de blogs e sites profissionais diferenciado.<\/p>\n<p>Mas o qu\u00ea \u00e9 um servi\u00e7o diferenciado? Al\u00e9m do atendimento pessoal e personalizado citado acima, vejamos alguns detalhes mais t\u00e9cnicos:<\/p>\n<ul>\n<li>Excelente infra-estrutura para alojamento do seu dom\u00ednio e seu site ou blog. Contamos hoje com servidores com processadores de \u00faltima tecnologia, dotados de hardware suficiente para suportar o seu site;<\/li>\n<li>Prestamos atendimentos de emerg\u00eancia (suporte t\u00e9cnico) 24h por dia, todos os dias da semana, por meio de um sistema de tickets ou, em casos de extrema urg\u00eancia, por telefone.<\/li>\n<li>Provemos al\u00e9m de uma estrutura capaz de atender o seu projeto, consultoria para empresas ou mesmo pessoas que queiram instalar um blogue e n\u00e3o se preocupar com sua manuten\u00e7\u00e3o como backup, atualiza\u00e7\u00f5es de seguran\u00e7a, estrutura dos dados e otimiza\u00e7\u00e3o para sites de busca (SEO);<\/li>\n<li>N\u00e3o oferecemos nenhum recurso al\u00e9m do que voc\u00ea precisa para manter seu site ou blog publicado, gerando \u00f4nus desnecess\u00e1rio e fazendo falsa propaganda em cima de megabytes de espa\u00e7o e gigabytes de transfer\u00eancias que sequer voc\u00ea precisa;<\/li>\n<li>Atualiza\u00e7\u00e3o no parque tecnol\u00f3gico e balanceamento de espa\u00e7o para que n\u00e3o esgotemos as capacidades normais de um servidor tornando-o inst\u00e1vel e com baixa performance, inviabilizando o seu bom funcionamento.<\/li>\n<\/ul>\n<p>Esta \u00e9 a Via Hospedagem. <a title=\"Via Hospedagem - Planos\" href=\"http:\/\/www.viahospedagem.net\/planos\">Conhe\u00e7a nossos planos e torne-se um VIP<\/a>.<\/p>\n","protected":false},"excerpt":{"rendered":"<p>Sobre Mim Ol\u00e1! Muito prazer, meu nome \u00e9 Daniel Becher, sou catarinense de nascimento e ga\u00facho de cora\u00e7\u00e3o. Gosto de tecnologia, amo trabalhar com hospedagem de sites e blogs. Eu criei a Via e inaugurei-a em 20 de julho de 2008. Enquanto voc\u00ea est\u00e1 lendo este texto provavelmente eu estou trabalhando nos servidores, atendendo algum [&hellip;]<\/p>\n","protected":false},"author":3,"featured_media":0,"parent":0,"menu_order":0,"comment_status":"closed","ping_status":"closed","template":"","meta":{"footnotes":""},"class_list":["post-2","page","type-page","status-publish","hentry"],"jetpack_sharing_enabled":true,"_links":{"self":[{"href":"https:\/\/viahospedagem.net\/novidades\/wp-json\/wp\/v2\/pages\/2","targetHints":{"allow":["GET"]}}],"collection":[{"href":"https:\/\/viahospedagem.net\/novidades\/wp-json\/wp\/v2\/pages"}],"about":[{"href":"https:\/\/viahospedagem.net\/novidades\/wp-json\/wp\/v2\/types\/page"}],"author":[{"embeddable":true,"href":"https:\/\/viahospedagem.net\/novidades\/wp-json\/wp\/v2\/users\/3"}],"replies":[{"embeddable":true,"href":"https:\/\/viahospedagem.net\/novidades\/wp-json\/wp\/v2\/comments?post=2"}],"version-history":[{"count":0,"href":"https:\/\/viahospedagem.net\/novidades\/wp-json\/wp\/v2\/pages\/2\/revisions"}],"wp:attachment":[{"href":"https:\/\/viahospedagem.net\/novidades\/wp-json\/wp\/v2\/media?parent=2"}],"curies":[{"name":"wp","href":"https:\/\/api.w.org\/{rel}","templated":true}]}}